{"id":11,"date":"2012-03-21T14:59:25","date_gmt":"2012-03-21T14:59:25","guid":{"rendered":"http:\/\/www.gite.annefraysse.com\/?page_id=11"},"modified":"2026-04-14T16:24:11","modified_gmt":"2026-04-14T16:24:11","slug":"tarifs","status":"publish","type":"page","link":"https:\/\/en.dornieres.fr\/?page_id=11","title":{"rendered":"Booking"},"content":{"rendered":"<div class=\"wpsbc-container wpsbc-calendar-1\" data-id=\"1\" data-show_title=\"0\" data-show_legend=\"1\" data-legend_position=\"side\" data-show_button_navigation=\"1\" data-current_year=\"2026\" data-current_month=\"4\" data-language=\"en\" data-min_width=\"200\" data-max_width=\"380\" ><div class=\"wpsbc-calendars-wrapper wpsbc-legend-position-side\"><div class=\"wpsbc-legend\"><div class=\"wpsbc-legend-item\"><div class=\"wpsbc-legend-item-icon wpsbc-legend-item-icon-1\" data-type=\"single\"><div class=\"wpsbc-legend-item-icon-color\" ><\/div><div class=\"wpsbc-legend-item-icon-color\" ><\/div><\/div><span class=wpsbc-legend-item-name>Available<\/span><\/div><div class=\"wpsbc-legend-item\"><div class=\"wpsbc-legend-item-icon wpsbc-legend-item-icon-2\" data-type=\"single\"><div class=\"wpsbc-legend-item-icon-color\" ><\/div><div class=\"wpsbc-legend-item-icon-color\" ><\/div><\/div><span class=wpsbc-legend-item-name>Booked<\/span><\/div><div class=\"wpsbc-legend-item\"><div class=\"wpsbc-legend-item-icon wpsbc-legend-item-icon-3\" data-type=\"single\"><div class=\"wpsbc-legend-item-icon-color\" ><\/div><div class=\"wpsbc-legend-item-icon-color\" ><\/div><\/div><span class=wpsbc-legend-item-name>Changeover<\/span><\/div><\/div><div class=\"wpsbc-calendars\"><div class=\"wpsbc-calendar\"><div class=\"wpsbc-calendar-header wpsbc-heading\"><div class=\"wpsbc-calendar-header-navigation\"><a href=\"#\" class=\"wpsbc-prev\"><span class=\"wpsbc-arrow\"><\/span><\/a><div class=\"wpsbc-select-container\"><select><option value=\"1768435200\" >January 2026<\/option><option value=\"1771113600\" >February 2026<\/option><option value=\"1773532800\" >March 2026<\/option><option value=\"1776211200\"  selected='selected'>April 2026<\/option><option value=\"1778803200\" >May 2026<\/option><option value=\"1781481600\" >June 2026<\/option><option value=\"1784073600\" >July 2026<\/option><option value=\"1786752000\" >August 2026<\/option><option value=\"1789430400\" >September 2026<\/option><option value=\"1792022400\" >October 2026<\/option><option value=\"1794700800\" >November 2026<\/option><option value=\"1797292800\" >December 2026<\/option><option value=\"1799971200\" >January 2027<\/option><option value=\"1802649600\" >February 2027<\/option><option value=\"1805068800\" >March 2027<\/option><option value=\"1807747200\" >April 2027<\/option><\/select><\/div><a href=\"#\" class=\"wpsbc-next\"><span class=\"wpsbc-arrow\"><\/span><\/a><\/div><\/div><div class=\"wpsbc-calendar-wrapper\"><table><thead><tr><th>M<\/th><th>T<\/th><th>W<\/th><th>T<\/th><th>F<\/th><th>S<\/th><th>S<\/th><\/tr><\/thead><tbody><tr><td><div class=\"wpsbc-date  wpsbc-gap\" ><div class=\"wpsbc-date-inner\"><\/div><\/div><\/td><td><div class=\"wpsbc-date  wpsbc-gap\" ><div class=\"wpsbc-date-inner\"><\/div><\/div><\/td><td><div class=\"wpsbc-date wpsbc-legend-item-1 \" data-year=\"2026\" data-month=\"4\" data-day=\"1\"><div class=\"wpsbc-legend-item-icon wpsbc-legend-item-icon-1\" data-type=\"single\"><div class=\"wpsbc-legend-item-icon-color\" ><\/div><div class=\"wpsbc-legend-item-icon-color\" ><\/div><\/div><div class=\"wpsbc-date-inner\"><span class=\"wpsbc-date-number\">1<\/span><\/div><\/div><\/td><td><div class=\"wpsbc-date wpsbc-legend-item-1 \" data-year=\"2026\" data-month=\"4\" data-day=\"2\"><div class=\"wpsbc-legend-item-icon wpsbc-legend-item-icon-1\" data-type=\"single\"><div class=\"wpsbc-legend-item-icon-color\" ><\/div><div class=\"wpsbc-legend-item-icon-color\" ><\/div><\/div><div class=\"wpsbc-date-inner\"><span class=\"wpsbc-date-number\">2<\/span><\/div><\/div><\/td><td><div class=\"wpsbc-date wpsbc-legend-item-1 \" data-year=\"2026\" data-month=\"4\" data-day=\"3\"><div class=\"wpsbc-legend-item-icon wpsbc-legend-item-icon-1\" data-type=\"single\"><div class=\"wpsbc-legend-item-icon-color\" ><\/div><div class=\"wpsbc-legend-item-icon-color\" ><\/div><\/div><div class=\"wpsbc-date-inner\"><span class=\"wpsbc-date-number\">3<\/span><\/div><\/div><\/td><td><div class=\"wpsbc-date wpsbc-legend-item-3 \" data-year=\"2026\" data-month=\"4\" data-day=\"4\"><div class=\"wpsbc-legend-item-icon wpsbc-legend-item-icon-3\" data-type=\"single\"><div class=\"wpsbc-legend-item-icon-color\" ><\/div><div class=\"wpsbc-legend-item-icon-color\" ><\/div><\/div><div class=\"wpsbc-date-inner\"><span class=\"wpsbc-date-number\">4<\/span><\/div><\/div><\/td><td><div class=\"wpsbc-date wpsbc-legend-item-2 \" data-year=\"2026\" data-month=\"4\" data-day=\"5\"><div class=\"wpsbc-legend-item-icon wpsbc-legend-item-icon-2\" data-type=\"single\"><div class=\"wpsbc-legend-item-icon-color\" ><\/div><div class=\"wpsbc-legend-item-icon-color\" ><\/div><\/div><div class=\"wpsbc-date-inner\"><span class=\"wpsbc-date-number\">5<\/span><\/div><\/div><\/td><\/tr><tr><td><div class=\"wpsbc-date wpsbc-legend-item-2 \" data-year=\"2026\" data-month=\"4\" data-day=\"6\"><div class=\"wpsbc-legend-item-icon wpsbc-legend-item-icon-2\" data-type=\"single\"><div class=\"wpsbc-legend-item-icon-color\" ><\/div><div class=\"wpsbc-legend-item-icon-color\" ><\/div><\/div><div class=\"wpsbc-date-inner\"><span class=\"wpsbc-date-number\">6<\/span><\/div><\/div><\/td><td><div class=\"wpsbc-date wpsbc-legend-item-2 \" data-year=\"2026\" data-month=\"4\" data-day=\"7\"><div class=\"wpsbc-legend-item-icon wpsbc-legend-item-icon-2\" data-type=\"single\"><div class=\"wpsbc-legend-item-icon-color\" ><\/div><div class=\"wpsbc-legend-item-icon-color\" ><\/div><\/div><div class=\"wpsbc-date-inner\"><span class=\"wpsbc-date-number\">7<\/span><\/div><\/div><\/td><td><div class=\"wpsbc-date wpsbc-legend-item-2 \" data-year=\"2026\" data-month=\"4\" data-day=\"8\"><div class=\"wpsbc-legend-item-icon wpsbc-legend-item-icon-2\" data-type=\"single\"><div class=\"wpsbc-legend-item-icon-color\" ><\/div><div class=\"wpsbc-legend-item-icon-color\" ><\/div><\/div><div class=\"wpsbc-date-inner\"><span class=\"wpsbc-date-number\">8<\/span><\/div><\/div><\/td><td><div class=\"wpsbc-date wpsbc-legend-item-2 \" data-year=\"2026\" data-month=\"4\" data-day=\"9\"><div class=\"wpsbc-legend-item-icon wpsbc-legend-item-icon-2\" data-type=\"single\"><div class=\"wpsbc-legend-item-icon-color\" ><\/div><div class=\"wpsbc-legend-item-icon-color\" ><\/div><\/div><div class=\"wpsbc-date-inner\"><span class=\"wpsbc-date-number\">9<\/span><\/div><\/div><\/td><td><div class=\"wpsbc-date wpsbc-legend-item-2 \" data-year=\"2026\" data-month=\"4\" data-day=\"10\"><div class=\"wpsbc-legend-item-icon wpsbc-legend-item-icon-2\" data-type=\"single\"><div class=\"wpsbc-legend-item-icon-color\" ><\/div><div class=\"wpsbc-legend-item-icon-color\" ><\/div><\/div><div class=\"wpsbc-date-inner\"><span class=\"wpsbc-date-number\">10<\/span><\/div><\/div><\/td><td><div class=\"wpsbc-date wpsbc-legend-item-3 \" data-year=\"2026\" data-month=\"4\" data-day=\"11\"><div class=\"wpsbc-legend-item-icon wpsbc-legend-item-icon-3\" data-type=\"single\"><div class=\"wpsbc-legend-item-icon-color\" ><\/div><div class=\"wpsbc-legend-item-icon-color\" ><\/div><\/div><div class=\"wpsbc-date-inner\"><span class=\"wpsbc-date-number\">11<\/span><\/div><\/div><\/td><td><div class=\"wpsbc-date wpsbc-legend-item-1 \" data-year=\"2026\" data-month=\"4\" data-day=\"12\"><div class=\"wpsbc-legend-item-icon wpsbc-legend-item-icon-1\" data-type=\"single\"><div class=\"wpsbc-legend-item-icon-color\" ><\/div><div class=\"wpsbc-legend-item-icon-color\" ><\/div><\/div><div class=\"wpsbc-date-inner\"><span class=\"wpsbc-date-number\">12<\/span><\/div><\/div><\/td><\/tr><tr><td><div class=\"wpsbc-date wpsbc-legend-item-1 \" data-year=\"2026\" data-month=\"4\" data-day=\"13\"><div class=\"wpsbc-legend-item-icon wpsbc-legend-item-icon-1\" data-type=\"single\"><div class=\"wpsbc-legend-item-icon-color\" ><\/div><div class=\"wpsbc-legend-item-icon-color\" ><\/div><\/div><div class=\"wpsbc-date-inner\"><span class=\"wpsbc-date-number\">13<\/span><\/div><\/div><\/td><td><div class=\"wpsbc-date wpsbc-legend-item-1 \" data-year=\"2026\" data-month=\"4\" data-day=\"14\"><div class=\"wpsbc-legend-item-icon wpsbc-legend-item-icon-1\" data-type=\"single\"><div class=\"wpsbc-legend-item-icon-color\" ><\/div><div class=\"wpsbc-legend-item-icon-color\" ><\/div><\/div><div class=\"wpsbc-date-inner\"><span class=\"wpsbc-date-number\">14<\/span><\/div><\/div><\/td><td><div class=\"wpsbc-date wpsbc-legend-item-1 \" data-year=\"2026\" data-month=\"4\" data-day=\"15\"><div class=\"wpsbc-legend-item-icon wpsbc-legend-item-icon-1\" data-type=\"single\"><div class=\"wpsbc-legend-item-icon-color\" ><\/div><div class=\"wpsbc-legend-item-icon-color\" ><\/div><\/div><div class=\"wpsbc-date-inner\"><span class=\"wpsbc-date-number\">15<\/span><\/div><\/div><\/td><td><div class=\"wpsbc-date wpsbc-legend-item-1 \" data-year=\"2026\" data-month=\"4\" data-day=\"16\"><div class=\"wpsbc-legend-item-icon wpsbc-legend-item-icon-1\" data-type=\"single\"><div class=\"wpsbc-legend-item-icon-color\" ><\/div><div class=\"wpsbc-legend-item-icon-color\" ><\/div><\/div><div class=\"wpsbc-date-inner\"><span class=\"wpsbc-date-number\">16<\/span><\/div><\/div><\/td><td><div class=\"wpsbc-date wpsbc-legend-item-1 \" data-year=\"2026\" data-month=\"4\" data-day=\"17\"><div class=\"wpsbc-legend-item-icon wpsbc-legend-item-icon-1\" data-type=\"single\"><div class=\"wpsbc-legend-item-icon-color\" ><\/div><div class=\"wpsbc-legend-item-icon-color\" ><\/div><\/div><div class=\"wpsbc-date-inner\"><span class=\"wpsbc-date-number\">17<\/span><\/div><\/div><\/td><td><div class=\"wpsbc-date wpsbc-legend-item-1 \" data-year=\"2026\" data-month=\"4\" data-day=\"18\"><div class=\"wpsbc-legend-item-icon wpsbc-legend-item-icon-1\" data-type=\"single\"><div class=\"wpsbc-legend-item-icon-color\" ><\/div><div class=\"wpsbc-legend-item-icon-color\" ><\/div><\/div><div class=\"wpsbc-date-inner\"><span class=\"wpsbc-date-number\">18<\/span><\/div><\/div><\/td><td><div class=\"wpsbc-date wpsbc-legend-item-1 \" data-year=\"2026\" data-month=\"4\" data-day=\"19\"><div class=\"wpsbc-legend-item-icon wpsbc-legend-item-icon-1\" data-type=\"single\"><div class=\"wpsbc-legend-item-icon-color\" ><\/div><div class=\"wpsbc-legend-item-icon-color\" ><\/div><\/div><div class=\"wpsbc-date-inner\"><span class=\"wpsbc-date-number\">19<\/span><\/div><\/div><\/td><\/tr><tr><td><div class=\"wpsbc-date wpsbc-legend-item-1 \" data-year=\"2026\" data-month=\"4\" data-day=\"20\"><div class=\"wpsbc-legend-item-icon wpsbc-legend-item-icon-1\" data-type=\"single\"><div class=\"wpsbc-legend-item-icon-color\" ><\/div><div class=\"wpsbc-legend-item-icon-color\" ><\/div><\/div><div class=\"wpsbc-date-inner\"><span class=\"wpsbc-date-number\">20<\/span><\/div><\/div><\/td><td><div class=\"wpsbc-date wpsbc-legend-item-1 \" data-year=\"2026\" data-month=\"4\" data-day=\"21\"><div class=\"wpsbc-legend-item-icon wpsbc-legend-item-icon-1\" data-type=\"single\"><div class=\"wpsbc-legend-item-icon-color\" ><\/div><div class=\"wpsbc-legend-item-icon-color\" ><\/div><\/div><div class=\"wpsbc-date-inner\"><span class=\"wpsbc-date-number\">21<\/span><\/div><\/div><\/td><td><div class=\"wpsbc-date wpsbc-legend-item-1 \" data-year=\"2026\" data-month=\"4\" data-day=\"22\"><div class=\"wpsbc-legend-item-icon wpsbc-legend-item-icon-1\" data-type=\"single\"><div class=\"wpsbc-legend-item-icon-color\" ><\/div><div class=\"wpsbc-legend-item-icon-color\" ><\/div><\/div><div class=\"wpsbc-date-inner\"><span class=\"wpsbc-date-number\">22<\/span><\/div><\/div><\/td><td><div class=\"wpsbc-date wpsbc-legend-item-1 \" data-year=\"2026\" data-month=\"4\" data-day=\"23\"><div class=\"wpsbc-legend-item-icon wpsbc-legend-item-icon-1\" data-type=\"single\"><div class=\"wpsbc-legend-item-icon-color\" ><\/div><div class=\"wpsbc-legend-item-icon-color\" ><\/div><\/div><div class=\"wpsbc-date-inner\"><span class=\"wpsbc-date-number\">23<\/span><\/div><\/div><\/td><td><div class=\"wpsbc-date wpsbc-legend-item-1 \" data-year=\"2026\" data-month=\"4\" data-day=\"24\"><div class=\"wpsbc-legend-item-icon wpsbc-legend-item-icon-1\" data-type=\"single\"><div class=\"wpsbc-legend-item-icon-color\" ><\/div><div class=\"wpsbc-legend-item-icon-color\" ><\/div><\/div><div class=\"wpsbc-date-inner\"><span class=\"wpsbc-date-number\">24<\/span><\/div><\/div><\/td><td><div class=\"wpsbc-date wpsbc-legend-item-1 \" data-year=\"2026\" data-month=\"4\" data-day=\"25\"><div class=\"wpsbc-legend-item-icon wpsbc-legend-item-icon-1\" data-type=\"single\"><div class=\"wpsbc-legend-item-icon-color\" ><\/div><div class=\"wpsbc-legend-item-icon-color\" ><\/div><\/div><div class=\"wpsbc-date-inner\"><span class=\"wpsbc-date-number\">25<\/span><\/div><\/div><\/td><td><div class=\"wpsbc-date wpsbc-legend-item-1 \" data-year=\"2026\" data-month=\"4\" data-day=\"26\"><div class=\"wpsbc-legend-item-icon wpsbc-legend-item-icon-1\" data-type=\"single\"><div class=\"wpsbc-legend-item-icon-color\" ><\/div><div class=\"wpsbc-legend-item-icon-color\" ><\/div><\/div><div class=\"wpsbc-date-inner\"><span class=\"wpsbc-date-number\">26<\/span><\/div><\/div><\/td><\/tr><tr><td><div class=\"wpsbc-date wpsbc-legend-item-1 \" data-year=\"2026\" data-month=\"4\" data-day=\"27\"><div class=\"wpsbc-legend-item-icon wpsbc-legend-item-icon-1\" data-type=\"single\"><div class=\"wpsbc-legend-item-icon-color\" ><\/div><div class=\"wpsbc-legend-item-icon-color\" ><\/div><\/div><div class=\"wpsbc-date-inner\"><span class=\"wpsbc-date-number\">27<\/span><\/div><\/div><\/td><td><div class=\"wpsbc-date wpsbc-legend-item-1 \" data-year=\"2026\" data-month=\"4\" data-day=\"28\"><div class=\"wpsbc-legend-item-icon wpsbc-legend-item-icon-1\" data-type=\"single\"><div class=\"wpsbc-legend-item-icon-color\" ><\/div><div class=\"wpsbc-legend-item-icon-color\" ><\/div><\/div><div class=\"wpsbc-date-inner\"><span class=\"wpsbc-date-number\">28<\/span><\/div><\/div><\/td><td><div class=\"wpsbc-date wpsbc-legend-item-1 \" data-year=\"2026\" data-month=\"4\" data-day=\"29\"><div class=\"wpsbc-legend-item-icon wpsbc-legend-item-icon-1\" data-type=\"single\"><div class=\"wpsbc-legend-item-icon-color\" ><\/div><div class=\"wpsbc-legend-item-icon-color\" ><\/div><\/div><div class=\"wpsbc-date-inner\"><span class=\"wpsbc-date-number\">29<\/span><\/div><\/div><\/td><td><div class=\"wpsbc-date wpsbc-legend-item-1 \" data-year=\"2026\" data-month=\"4\" data-day=\"30\"><div class=\"wpsbc-legend-item-icon wpsbc-legend-item-icon-1\" data-type=\"single\"><div class=\"wpsbc-legend-item-icon-color\" ><\/div><div class=\"wpsbc-legend-item-icon-color\" ><\/div><\/div><div class=\"wpsbc-date-inner\"><span class=\"wpsbc-date-number\">30<\/span><\/div><\/div><\/td><td><div class=\"wpsbc-date  wpsbc-gap\" ><div class=\"wpsbc-date-inner\"><\/div><\/div><\/td><td><div class=\"wpsbc-date  wpsbc-gap\" ><div class=\"wpsbc-date-inner\"><\/div><\/div><\/td><td><div class=\"wpsbc-date  wpsbc-gap\" ><div class=\"wpsbc-date-inner\"><\/div><\/div><\/td><\/tr><\/tbody><\/table><\/div><\/div><\/div><\/div><style>.wpsbc-container.wpsbc-calendar-1 .wpsbc-legend-item-icon-1 div:first-of-type { background-color: #ddffcc; }.wpsbc-container.wpsbc-calendar-1 .wpsbc-legend-item-icon-1 div:nth-of-type(2) { background-color: transparent; }.wpsbc-container.wpsbc-calendar-1 .wpsbc-legend-item-icon-1 div:first-of-type svg { fill: #ddffcc; }.wpsbc-container.wpsbc-calendar-1 .wpsbc-legend-item-icon-1 div:nth-of-type(2) svg { fill: transparent; }.wpsbc-container.wpsbc-calendar-1 .wpsbc-legend-item-icon-2 div:first-of-type { background-color: #ffc0bd; }.wpsbc-container.wpsbc-calendar-1 .wpsbc-legend-item-icon-2 div:nth-of-type(2) { background-color: transparent; }.wpsbc-container.wpsbc-calendar-1 .wpsbc-legend-item-icon-2 div:first-of-type svg { fill: #ffc0bd; }.wpsbc-container.wpsbc-calendar-1 .wpsbc-legend-item-icon-2 div:nth-of-type(2) svg { fill: transparent; }.wpsbc-container.wpsbc-calendar-1 .wpsbc-legend-item-icon-3 div:first-of-type { background-color: #fee2a0; }.wpsbc-container.wpsbc-calendar-1 .wpsbc-legend-item-icon-3 div:nth-of-type(2) { background-color: transparent; }.wpsbc-container.wpsbc-calendar-1 .wpsbc-legend-item-icon-3 div:first-of-type svg { fill: #fee2a0; }.wpsbc-container.wpsbc-calendar-1 .wpsbc-legend-item-icon-3 div:nth-of-type(2) svg { fill: transparent; }<\/style><div class=\"wpsbc-container-loaded\" data-just-loaded=\"1\"><\/div><\/div>\n\n\n\n<p><\/p>\n\n\n\n<pre class=\"wp-block-preformatted\"><strong>Conditions de r\u00e9servations<\/strong>\n\n- Ch\u00e8ques vacances accept\u00e9s\n\n- \u00c0 la signature du contrat de location ,versement d\u2019un acompte correspondant \u00e0 25% du montant de la location (ch\u00e8que ou virement).\n\n- \u00c0 l\u2019arriv\u00e9e versement d\u2019une caution (305 \u20ac) revers\u00e9e au d\u00e9part apr\u00e8s v\u00e9rification des lieux.\n\n- Taxe de s\u00e9jour 1.75\u20ac par personne et par nuit ( gratuit pour les enfants de -18 ans)\n en options\n   -location draps  : 17 \u20ac par personne\n   -location kit serviette : 12 \u20ac par personne\n   -m\u00e9nage fin de s\u00e9jour   : 95 \u20ac\n\n- Le locataire s\u2019engage \u00e0 rendre le meubl\u00e9 aussi propre qu\u2019il l\u2019aura trouv\u00e9 \u00e0 son arriv\u00e9e.\n\n- Le propri\u00e9taire pourra garder 95 \u20ac pour le nettoyage du meubl\u00e9 ,si celui-ci n\u2019est pas propre ou n\u2019est pas en bon ordre.\n\n- Les animaux ne sont pas admis<\/pre>\n\n\n\n<p><span style=\"text-decoration: underline;\"><span style=\"color: #ff0000;\"><a href=\"#\"><span style=\"color: #ff0000; text-decoration: underline;\">haut de page<\/span><\/a><\/span><\/span><\/p>\n\n\n\n<div class=\"wp-block-columns is-layout-flex wp-container-8\">\n<div class=\"wp-block-column is-layout-flow\" style=\"flex-basis:100%\">\n<div class=\"wp-block-columns is-layout-flex wp-container-6\">\n<div class=\"wp-block-column is-layout-flow\" style=\"flex-basis:100%\">\n<div class=\"wp-block-columns is-layout-flex wp-container-4\">\n<div class=\"wp-block-column is-layout-flow\" style=\"flex-basis:100%\">\n<div class=\"wp-block-columns is-layout-flex wp-container-2\">\n<div class=\"wp-block-column is-layout-flow\" style=\"flex-basis:100%\">\n<figure class=\"wp-block-table is-style-regular\"><table><tbody><tr><th class=\"has-text-align-left\" data-align=\"left\">   Saison ETE  2026                                                                                                                                                                              <\/th><th>  Saison  HIVER 2026 2027                                <\/th><\/tr><tr><td class=\"has-text-align-left\" data-align=\"left\">du 30\/05\/26au27\/06\/26:660\u20ac\/semaine<\/td><td>du 12\/12\/26au 19\/12\/26: 1020\u20ac\/semaine                         <\/td><\/tr><tr><td class=\"has-text-align-left\" data-align=\"left\">du  27\/06\/26 au 04\/07\/26 :800\u20ac\/semaine<\/td><td>du 02\/01\/27 au 16\/01\/27 :910\u20ac\/semaine<\/td><\/tr><tr><td class=\"has-text-align-left\" data-align=\"left\">du 07\/07\/26 au 1\/08\/26:1000\u20ac\/semaine<\/td><td>du16\/01\/27au 06\/02\/27: 1020\u20ac.semaine                                                <\/td><\/tr><tr><td class=\"has-text-align-left\" data-align=\"left\">du 1\/08\/26 au 22\/08\/26:1100\u20ac\/semaine<\/td><td>du 13\/02\/27au27\/02\/27: 1520\u20ac\/semaine<\/td><\/tr><tr><td class=\"has-text-align-left\" data-align=\"left\">du22\/08\/26au29\/08\/26:1000\u20ac\/semaine<\/td><td>du06\/03\/27au27\/03\/27: 1020\u20ac\/semaine<\/td><\/tr><tr><td class=\"has-text-align-left\" data-align=\"left\">du 29\/08\/26au 26\/09\/26:660\u20ac\/semaine<\/td><td>du27\/03\/27au17\/04\/27:910\u20ac\/semaine  <\/td><\/tr><tr><td class=\"has-text-align-left\" data-align=\"left\"><\/td><td>     <\/td><\/tr><\/tbody><\/table><figcaption class=\"wp-element-caption\">                                                               <\/figcaption><\/figure>\n<\/div>\n<\/div>\n<\/div>\n<\/div>\n<\/div>\n<\/div>\n<\/div>\n<\/div>\n\n\n\n<p> <\/p>\n","protected":false},"excerpt":{"rendered":"<p>Conditions de r\u00e9servations &#8211; Ch\u00e8ques vacances accept\u00e9s &#8211; \u00c0 la signature du contrat de location ,versement d\u2019un acompte correspondant \u00e0 25% du montant de la location (ch\u00e8que ou virement). &#8211; \u00c0 l\u2019arriv\u00e9e versement d\u2019une caution (305 \u20ac) revers\u00e9e au d\u00e9part apr\u00e8s v\u00e9rification des lieux. &#8211; Taxe de s\u00e9jour 1.75\u20ac par personne et par nuit ( &hellip; <\/p>\n<p class=\"link-more\"><a href=\"https:\/\/en.dornieres.fr\/?page_id=11\" class=\"more-link\">Continue reading<span class=\"screen-reader-text\"> &#8220;Booking&#8221;<\/span><\/a><\/p>\n","protected":false},"author":1,"featured_media":32,"parent":0,"menu_order":5,"comment_status":"closed","ping_status":"closed","template":"","meta":{"ngg_post_thumbnail":0},"aioseo_notices":[],"_links":{"self":[{"href":"https:\/\/en.dornieres.fr\/index.php?rest_route=\/wp\/v2\/pages\/11"}],"collection":[{"href":"https:\/\/en.dornieres.fr\/index.php?rest_route=\/wp\/v2\/pages"}],"about":[{"href":"https:\/\/en.dornieres.fr\/index.php?rest_route=\/wp\/v2\/types\/page"}],"author":[{"embeddable":true,"href":"https:\/\/en.dornieres.fr\/index.php?rest_route=\/wp\/v2\/users\/1"}],"replies":[{"embeddable":true,"href":"https:\/\/en.dornieres.fr\/index.php?rest_route=%2Fwp%2Fv2%2Fcomments&post=11"}],"version-history":[{"count":466,"href":"https:\/\/en.dornieres.fr\/index.php?rest_route=\/wp\/v2\/pages\/11\/revisions"}],"predecessor-version":[{"id":2223,"href":"https:\/\/en.dornieres.fr\/index.php?rest_route=\/wp\/v2\/pages\/11\/revisions\/2223"}],"wp:featuredmedia":[{"embeddable":true,"href":"https:\/\/en.dornieres.fr\/index.php?rest_route=\/wp\/v2\/media\/32"}],"wp:attachment":[{"href":"https:\/\/en.dornieres.fr\/index.php?rest_route=%2Fwp%2Fv2%2Fmedia&parent=11"}],"curies":[{"name":"wp","href":"https:\/\/api.w.org\/{rel}","templated":true}]}}